{"id":1582,"date":"2025-09-27T16:52:17","date_gmt":"2025-09-27T14:52:17","guid":{"rendered":"https:\/\/greinerpolska.pl\/?post_type=product&#038;p=1582"},"modified":"2025-09-27T18:57:09","modified_gmt":"2025-09-27T16:57:09","slug":"cosmolore-wave","status":"publish","type":"product","link":"https:\/\/greinerpolska.pl\/?product=cosmolore-wave","title":{"rendered":"Cosmolore Wave"},"content":{"rendered":"<h2>Cosmolore wave \u2013 nowe do\u015bwiadczenie zwi\u0105zane z myciem w\u0142os\u00f3w<\/h2>\n<p>Cosmolore wave \u0142\u0105czy w sobie organicznie p\u0142ynne, faliste linie z wysok\u0105 funkcjonalno\u015bci\u0105, na nowo definiuj\u0105c do\u015bwiadczenie zwi\u0105zane z myciem w\u0142os\u00f3w w salonie.\u00a0Aby zapewni\u0107 maksymaln\u0105 elastyczno\u015b\u0107, cosmolore wave jest dost\u0119pne w wersji 1-, 2- lub 3-osobowej; umywalki s\u0105 dost\u0119pne w kolorze bia\u0142ym lub czarnym. Opcjonalnie mo\u017cna zintegrowa\u0107 elektrycznie regulowan\u0105 poduszk\u0119 pod nogi oraz funkcj\u0119 masa\u017cu w oparciu; obie funkcje s\u0105 sterowane elektrycznie.<\/p>\n<h2>Teraz dost\u0119pna r\u00f3wnie\u017c wersja z regulacj\u0105 wysoko\u015bci dla myjni pojedynczych.<\/h2>\n<p>Nowa innowacja dzi\u0119ki indywidualnemu dostosowaniu do potrzeb stylisty. Na \u017cyczenie dost\u0119pny jest panel no\u017cny do sterowania regulacj\u0105 wysoko\u015bci (za dodatkow\u0105 op\u0142at\u0105). Ta elektryczna regulacja wysoko\u015bci do 14 cm umo\u017cliwia zdrow\u0105 postaw\u0119 fryzjera podczas mycia w\u0142os\u00f3w.<\/p>\n<h3>Dodatkowe informacje:<\/h3>\n<ul>\n<li>Teraz r\u00f3wnie\u017c w wersji HV. Elektryczna regulacja wysoko\u015bci do 14 cm umo\u017cliwia wygodn\u0105 i ergonomiczn\u0105 pozycj\u0119 podczas mycia.<\/li>\n<li>Oryginalny model (cosmolore) ze zmienionymi, falistymi (wave) bokami. Faliste linie wyznaczaj\u0105 nowe standardy w zakresie estetyki i funkcjonalno\u015bci.<\/li>\n<li>Dost\u0119pne s\u0105 4 r\u00f3\u017cne struktury materia\u0142\u00f3w tapicerskich w kilkudziesi\u0119ciu r\u00f3\u017cnych kolorach (karta kolor\u00f3w poni\u017cej).<\/li>\n<li>Opcjonalne wyposa\u017cenie wellness: regulowane poduszki pod nogi (podn\u00f3\u017cki) i funkcja masa\u017cu w oparciu.<\/li>\n<li>Dost\u0119pne z bia\u0142\u0105 lub czarn\u0105 umywalk\u0105, a tak\u017ce opcjonalnie z umywalk\u0105 XXL o wi\u0119kszej pojemno\u015bci, dedykowana dla d\u0142ugich w\u0142os\u00f3w, w kolorze bia\u0142ym lub czarnym (za dodatkow\u0105 op\u0142at\u0105).<\/li>\n<li>Pojemno\u015b\u0107 standardowej, du\u017cej umywalki to 13 litr\u00f3w. Pojemno\u015b\u0107 umywalki XXL to a\u017c 19 litr\u00f3w.<\/li>\n<li>Dzi\u0119ki modu\u0142owej konstrukcji fotel do mycia mo\u017cna przed\u0142u\u017cy\u0107 o dowoln\u0105 liczb\u0119 element\u00f3w.<\/li>\n<li>Przed\u0142u\u017canie element\u00f3w Inteligentna konstrukcja zapewnia dobry dost\u0119p do wn\u0119trza.<\/li>\n<li>2 lata gwarancji na funkcjonalno\u015b\u0107 myjni Cosmolore wave.<\/li>\n<li>GREINER Handmade: precyzyjne wykonanie r\u0119czne.<\/li>\n<li>Certyfikat zgodno\u015bci z norm\u0105 DIN EN ISO 9001<\/li>\n<\/ul>\n<h3><span style=\"color: #bccc3c;\">Kolory obi\u0107\u200b:<\/span><img fetchpriority=\"high\" decoding=\"async\" class=\"alignnone wp-image-1219 size-full\" src=\"https:\/\/greinerpolska.pl\/wp-content\/uploads\/2023\/02\/1.jpg\" alt=\"\" width=\"2454\" height=\"1567\" srcset=\"https:\/\/greinerpolska.pl\/wp-content\/uploads\/2023\/02\/1.jpg 2454w, https:\/\/greinerpolska.pl\/wp-content\/uploads\/2023\/02\/1-300x192.jpg 300w, https:\/\/greinerpolska.pl\/wp-content\/uploads\/2023\/02\/1-1024x654.jpg 1024w, https:\/\/greinerpolska.pl\/wp-content\/uploads\/2023\/02\/1-768x490.jpg 768w, https:\/\/greinerpolska.pl\/wp-content\/uploads\/2023\/02\/1-1536x981.jpg 1536w, https:\/\/greinerpolska.pl\/wp-content\/uploads\/2023\/02\/1-2048x1308.jpg 2048w, https:\/\/greinerpolska.pl\/wp-content\/uploads\/2023\/02\/1-600x383.jpg 600w\" sizes=\"(max-width: 2454px) 100vw, 2454px\" \/><\/h3>\n<p>&nbsp;<\/p>\n<h3><span style=\"color: #bccc3c;\">Umywalka XXL<\/span><\/h3>\n<h3>o wi\u0119kszej pojemno\u015bci (19 litr\u00f3w), dedykowana dla d\u0142ugich w\u0142os\u00f3w, w kolorze bia\u0142ym lub czarnym (za dodatkow\u0105 op\u0142at\u0105).<\/h3>\n<p><img decoding=\"async\" class=\"alignnone wp-image-1590 size-full\" src=\"https:\/\/greinerpolska.pl\/wp-content\/uploads\/2025\/09\/55015_GREINER_Post_XXL-Waschbecken-englisch.jpg\" alt=\"\" width=\"1485\" height=\"1009\" srcset=\"https:\/\/greinerpolska.pl\/wp-content\/uploads\/2025\/09\/55015_GREINER_Post_XXL-Waschbecken-englisch.jpg 1485w, https:\/\/greinerpolska.pl\/wp-content\/uploads\/2025\/09\/55015_GREINER_Post_XXL-Waschbecken-englisch-300x204.jpg 300w, https:\/\/greinerpolska.pl\/wp-content\/uploads\/2025\/09\/55015_GREINER_Post_XXL-Waschbecken-englisch-1024x696.jpg 1024w, https:\/\/greinerpolska.pl\/wp-content\/uploads\/2025\/09\/55015_GREINER_Post_XXL-Waschbecken-englisch-768x522.jpg 768w, https:\/\/greinerpolska.pl\/wp-content\/uploads\/2025\/09\/55015_GREINER_Post_XXL-Waschbecken-englisch-1320x897.jpg 1320w, https:\/\/greinerpolska.pl\/wp-content\/uploads\/2025\/09\/55015_GREINER_Post_XXL-Waschbecken-englisch-600x408.jpg 600w\" sizes=\"(max-width: 1485px) 100vw, 1485px\" \/><\/p>\n","protected":false},"excerpt":{"rendered":"<p>Czy chcieliby Pa\u0144stwo ustanowi\u0107 prawdziw\u0105 atrakcj\u0119 w swoim salonie? Nasza myjnia i le\u017canka Wellness Variolore b\u0119dzi w\u0142a\u015bciwym wyborem. Variolore oferuje Pa\u0144stwu i Pa\u0144stwa klientom wyj\u0105tkowy i indywidualny komfort, poniewa\u017c dzi\u0119ki niej mog\u0105 Pa\u0144stwo my\u0107 swoich klient\u00f3w w pozycji siedz\u0105cej lub le\u017c\u0105cej. Myjnia Variolore jest elektrycznie regulowana, dzi\u0119ki czemu mo\u017cna \u0142atwo i szybko znale\u017a\u0107 idealn\u0105 pozycj\u0119 siedz\u0105c\u0105 lub le\u017c\u0105c\u0105 dla ka\u017cdego klienta. Ty i Tw\u00f3j personel r\u00f3wnie\u017c skorzystacie z tej le\u017canki, poniewa\u017c jej wysoko\u015b\u0107 mo\u017cna regulowa\u0107 elektrycznie. Za pomoc\u0105 prze\u0142\u0105cznika no\u017cnego mo\u017cna w prosty i szybki spos\u00f3b osi\u0105gn\u0105\u0107 idealn\u0105 wysoko\u015b\u0107. Variolore mo\u017ce by\u0107 opcjonalnie wyposa\u017cony w jednostk\u0119 masuj\u0105c\u0105 w siedzisku i oparciu.<\/p>\n","protected":false},"featured_media":1583,"comment_status":"open","ping_status":"closed","template":"","meta":{"om_disable_all_campaigns":false,"_monsterinsights_skip_tracking":false,"_monsterinsights_sitenote_active":false,"_monsterinsights_sitenote_note":"","_monsterinsights_sitenote_category":0},"product_brand":[],"product_cat":[23],"product_tag":[],"class_list":{"0":"post-1582","1":"product","2":"type-product","3":"status-publish","4":"has-post-thumbnail","6":"product_cat-myjnie-fryzjerskie","8":"first","9":"onbackorder","10":"shipping-taxable","11":"product-type-simple"},"aioseo_notices":[],"jetpack_sharing_enabled":true,"_links":{"self":[{"href":"https:\/\/greinerpolska.pl\/index.php?rest_route=\/wp\/v2\/product\/1582","targetHints":{"allow":["GET"]}}],"collection":[{"href":"https:\/\/greinerpolska.pl\/index.php?rest_route=\/wp\/v2\/product"}],"about":[{"href":"https:\/\/greinerpolska.pl\/index.php?rest_route=\/wp\/v2\/types\/product"}],"replies":[{"embeddable":true,"href":"https:\/\/greinerpolska.pl\/index.php?rest_route=%2Fwp%2Fv2%2Fcomments&post=1582"}],"wp:featuredmedia":[{"embeddable":true,"href":"https:\/\/greinerpolska.pl\/index.php?rest_route=\/wp\/v2\/media\/1583"}],"wp:attachment":[{"href":"https:\/\/greinerpolska.pl\/index.php?rest_route=%2Fwp%2Fv2%2Fmedia&parent=1582"}],"wp:term":[{"taxonomy":"product_brand","embeddable":true,"href":"https:\/\/greinerpolska.pl\/index.php?rest_route=%2Fwp%2Fv2%2Fproduct_brand&post=1582"},{"taxonomy":"product_cat","embeddable":true,"href":"https:\/\/greinerpolska.pl\/index.php?rest_route=%2Fwp%2Fv2%2Fproduct_cat&post=1582"},{"taxonomy":"product_tag","embeddable":true,"href":"https:\/\/greinerpolska.pl\/index.php?rest_route=%2Fwp%2Fv2%2Fproduct_tag&post=1582"}],"curies":[{"name":"wp","href":"https:\/\/api.w.org\/{rel}","templated":true}]}}